{"id":10518,"date":"2023-11-21T13:44:52","date_gmt":"2023-11-21T13:44:52","guid":{"rendered":"https:\/\/hidrosistem.al\/new\/?post_type=product&#038;p=10518"},"modified":"2023-11-21T14:03:50","modified_gmt":"2023-11-21T14:03:50","slug":"daikin-altherma-3-c-gas","status":"publish","type":"product","link":"https:\/\/hidrosistem.al\/new\/product\/daikin-altherma-3-c-gas\/","title":{"rendered":"Kaldaje me gaz &#8211; D2CND\/D2TND"},"content":{"rendered":"<p><strong>Kaldaja me kondensim me gaz jasht\u00ebzakonisht kompakt siguron ngrohje dhe uj\u00eb t\u00eb ngroht\u00eb<br \/>\n<\/strong><\/p>\n<p>Nj\u00ebsi shum\u00eb kompakte dhe fleksib\u00ebl n\u00eb p\u00ebrdorim: e mundur p\u00ebr t&#8217;u instaluar pothuajse t\u00eb gjitha kushtet e dhom\u00ebs (brenda dhe jasht\u00eb sht\u00ebpis\u00eb) faleminderit p\u00ebr mbrojtjen nga ngrirja p\u00ebr tubacionet e ujit<\/p>\n<p><strong>Leht\u00eb n\u00eb sh\u00ebrbim:<\/strong> t\u00eb gjitha pjes\u00ebt jan\u00eb t\u00eb aksesueshme vet\u00ebm duke hequr paneli i p\u00ebrparm\u00eb<br \/>\nEfikasitet i lart\u00eb i ngrohjes deri n\u00eb 109%<br \/>\n<strong>Gama e lart\u00eb moduluese 1:8:<\/strong> kapaciteti \u00ebsht\u00eb p\u00ebrshtatur n\u00eb baz\u00eb t\u00eb ngarkesa e k\u00ebrkuar e nxeht\u00ebsis\u00eb s\u00eb sht\u00ebpis\u00eb nga 3 n\u00eb 24 kW dhe 5 n\u00eb 35 kW<br \/>\n<strong>Kombinoje<\/strong> at\u00eb me ngrohjen diellore p\u00ebr efikasitet edhe m\u00eb t\u00eb mir\u00eb t\u00eb energjis\u00eb<br \/>\n<strong>Modeli C:<\/strong> Modeli combi do t\u00eb thot\u00eb q\u00eb bojleri ka nj\u00eb pllak\u00eb shk\u00ebmbyes nxeht\u00ebsie p\u00ebr t\u00eb siguruar uj\u00eb t\u00eb nxeht\u00eb t\u00eb menj\u00ebhersh\u00ebm p\u00ebr sht\u00ebpi<br \/>\n<strong>Modeli T (rezervuari):<\/strong> Modeli i rezervuarit do t\u00eb thot\u00eb q\u00eb kaldaja b\u00ebn nuk ka nj\u00eb shk\u00ebmbyes nxeht\u00ebsie me pllaka. Ofrohet uj\u00eb i ngroht\u00eb i sht\u00ebpis\u00eb nga nj\u00eb rezervuar i jasht\u00ebm magazinimi i ngrohur nga kaldaja<br \/>\n<strong>Modeli A1<\/strong> do t\u00eb thot\u00eb q\u00eb laku i mbushjes \u00ebsht\u00eb i brendsh\u00ebm<br \/>\n<strong>Modeli A4<\/strong> do t\u00eb thot\u00eb q\u00eb laku i mbushjes \u00ebsht\u00eb i jasht\u00ebm<\/p>\n","protected":false},"excerpt":{"rendered":"<p>Kaldaja me kondensim me gaz jasht\u00ebzakonisht kompakt siguron ngrohje dhe uj\u00eb t\u00eb ngroht\u00eb Nj\u00ebsi shum\u00eb kompakte dhe fleksib\u00ebl n\u00eb p\u00ebrdorim:<\/p>\n","protected":false},"featured_media":10519,"template":"","meta":[],"product_cat":[537],"product_tag":[],"class_list":["post-10518","product","type-product","status-publish","has-post-thumbnail","hentry","product_cat-kaldaja-ma-gaz"],"_links":{"self":[{"href":"https:\/\/hidrosistem.al\/new\/wp-json\/wp\/v2\/product\/10518","targetHints":{"allow":["GET"]}}],"collection":[{"href":"https:\/\/hidrosistem.al\/new\/wp-json\/wp\/v2\/product"}],"about":[{"href":"https:\/\/hidrosistem.al\/new\/wp-json\/wp\/v2\/types\/product"}],"version-history":[{"count":4,"href":"https:\/\/hidrosistem.al\/new\/wp-json\/wp\/v2\/product\/10518\/revisions"}],"predecessor-version":[{"id":10525,"href":"https:\/\/hidrosistem.al\/new\/wp-json\/wp\/v2\/product\/10518\/revisions\/10525"}],"wp:featuredmedia":[{"embeddable":true,"href":"https:\/\/hidrosistem.al\/new\/wp-json\/wp\/v2\/media\/10519"}],"wp:attachment":[{"href":"https:\/\/hidrosistem.al\/new\/wp-json\/wp\/v2\/media?parent=10518"}],"wp:term":[{"taxonomy":"product_cat","embeddable":true,"href":"https:\/\/hidrosistem.al\/new\/wp-json\/wp\/v2\/product_cat?post=10518"},{"taxonomy":"product_tag","embeddable":true,"href":"https:\/\/hidrosistem.al\/new\/wp-json\/wp\/v2\/product_tag?post=10518"}],"curies":[{"name":"wp","href":"https:\/\/api.w.org\/{rel}","templated":true}]}}