{"id":10507,"date":"2023-11-21T13:25:59","date_gmt":"2023-11-21T13:25:59","guid":{"rendered":"https:\/\/hidrosistem.al\/new\/?post_type=product&#038;p=10507"},"modified":"2023-11-21T13:32:48","modified_gmt":"2023-11-21T13:32:48","slug":"kambalec-tarace-neo-eco","status":"publish","type":"product","link":"https:\/\/hidrosistem.al\/new\/product\/kambalec-tarace-neo-eco\/","title":{"rendered":"Kambalec tarace Neo+ Eco"},"content":{"rendered":"<p><strong>Nj\u00eb struktur\u00eb inovative metalike montimi diellor me vler\u00eb p\u00ebr para, e cila prodhohet pa saldim, n\u00eb nj\u00eb m\u00ebnyr\u00eb p\u00ebr t\u00eb siguruar transport t\u00eb leht\u00eb dhe instalim t\u00eb shpejt\u00eb. Mund t\u00eb instalohet n\u00eb nj\u00eb \u00e7ati t\u00eb shesht\u00eb dhe \u00ebsht\u00eb m\u00eb i leht\u00eb se strukturat e tjera t\u00eb montimit.<\/strong><\/p>\n<p>Ofron jet\u00eb t\u00eb gjat\u00eb dhe rezistenc\u00eb t\u00eb lart\u00eb ndaj korrozionit, gj\u00eb q\u00eb e b\u00ebn t\u00eb p\u00ebrshtatsh\u00ebm p\u00ebr instalim n\u00eb zonat bregdetare.<\/p>\n<ul>\n<li><strong>Q\u00ebndrueshm\u00ebri<\/strong> dhe funksionim afatgjat\u00eb, fal\u00eb p\u00ebrdorimit t\u00eb materialeve me cil\u00ebsi t\u00eb lart\u00eb<\/li>\n<li><strong>Stabiliteti<\/strong> n\u00eb kushte ekstreme t\u00eb motit (kontrollet fizike)<\/li>\n<li><strong>Transport<\/strong> i leht\u00eb<\/li>\n<li><strong>Instalim<\/strong> i shpejt\u00eb<\/li>\n<li><strong>Fleksibilitet<\/strong> dhe sakt\u00ebsi prodhimi, fal\u00eb makinerive bashk\u00ebkohore<\/li>\n<\/ul>\n","protected":false},"excerpt":{"rendered":"<p>Nj\u00eb struktur\u00eb inovative metalike montimi diellor me vler\u00eb p\u00ebr para, e cila prodhohet pa saldim, n\u00eb nj\u00eb m\u00ebnyr\u00eb p\u00ebr t\u00eb<\/p>\n","protected":false},"featured_media":10517,"template":"","meta":[],"product_cat":[505],"product_tag":[],"class_list":["post-10507","product","type-product","status-publish","has-post-thumbnail","hentry","product_cat-kambaleca"],"_links":{"self":[{"href":"https:\/\/hidrosistem.al\/new\/wp-json\/wp\/v2\/product\/10507","targetHints":{"allow":["GET"]}}],"collection":[{"href":"https:\/\/hidrosistem.al\/new\/wp-json\/wp\/v2\/product"}],"about":[{"href":"https:\/\/hidrosistem.al\/new\/wp-json\/wp\/v2\/types\/product"}],"version-history":[{"count":1,"href":"https:\/\/hidrosistem.al\/new\/wp-json\/wp\/v2\/product\/10507\/revisions"}],"predecessor-version":[{"id":10510,"href":"https:\/\/hidrosistem.al\/new\/wp-json\/wp\/v2\/product\/10507\/revisions\/10510"}],"wp:featuredmedia":[{"embeddable":true,"href":"https:\/\/hidrosistem.al\/new\/wp-json\/wp\/v2\/media\/10517"}],"wp:attachment":[{"href":"https:\/\/hidrosistem.al\/new\/wp-json\/wp\/v2\/media?parent=10507"}],"wp:term":[{"taxonomy":"product_cat","embeddable":true,"href":"https:\/\/hidrosistem.al\/new\/wp-json\/wp\/v2\/product_cat?post=10507"},{"taxonomy":"product_tag","embeddable":true,"href":"https:\/\/hidrosistem.al\/new\/wp-json\/wp\/v2\/product_tag?post=10507"}],"curies":[{"name":"wp","href":"https:\/\/api.w.org\/{rel}","templated":true}]}}