{"id":10498,"date":"2023-11-21T13:14:10","date_gmt":"2023-11-21T13:14:10","guid":{"rendered":"https:\/\/hidrosistem.al\/new\/?post_type=product&#038;p=10498"},"modified":"2023-11-21T13:15:00","modified_gmt":"2023-11-21T13:15:00","slug":"kambalec-tarace-neo-flat","status":"publish","type":"product","link":"https:\/\/hidrosistem.al\/new\/product\/kambalec-tarace-neo-flat\/","title":{"rendered":"Kambalec tarace Neo+ Flat"},"content":{"rendered":"<p><strong>Nj\u00eb struktur\u00eb inovative, me cil\u00ebsi t\u00eb lart\u00eb metalike montuese diellore, e cila prodhohet pa saldim dhe n\u00eb nj\u00eb m\u00ebnyr\u00eb p\u00ebr t\u00eb siguruar transport t\u00eb leht\u00eb dhe instalim t\u00eb shpejt\u00eb.<\/strong><\/p>\n<ul>\n<li>Mund t\u00eb vendoset n\u00eb \u00e7ati t\u00eb shesht\u00eb dhe mund t\u00eb zgjidhni materialin e nd\u00ebrtimit, Magnelis ose Galvanizuar.Ofron jet\u00ebgjat\u00ebsi dhe rezistenc\u00eb t\u00eb lart\u00eb ndaj korrozionit, gj\u00eb q\u00eb e b\u00ebn t\u00eb p\u00ebrshtatsh\u00ebm p\u00ebr instalim n\u00eb zonat bregdetare. Ofron garanci 10-vje\u00e7are.<\/li>\n<li><strong>Q\u00ebndrueshm\u00ebri<\/strong> dhe funksionim afatgjat\u00eb, fal\u00eb p\u00ebrdorimit t\u00eb materialeve me cil\u00ebsi t\u00eb lart\u00eb<\/li>\n<li><strong>Stabiliteti<\/strong> n\u00eb kushte ekstreme t\u00eb motit (kontrollet fizike)<\/li>\n<li><strong>Transport<\/strong> i leht\u00eb<\/li>\n<li><strong>Instalim<\/strong> i shpejt\u00eb<\/li>\n<li><strong>Fleksibilitet<\/strong> dhe sakt\u00ebsi prodhimi, fal\u00eb makinerive bashk\u00ebkohore<\/li>\n<\/ul>\n","protected":false},"excerpt":{"rendered":"<p>Nj\u00eb struktur\u00eb inovative, me cil\u00ebsi t\u00eb lart\u00eb metalike montuese diellore, e cila prodhohet pa saldim dhe n\u00eb nj\u00eb m\u00ebnyr\u00eb p\u00ebr<\/p>\n","protected":false},"featured_media":10499,"template":"","meta":[],"product_cat":[505],"product_tag":[],"class_list":["post-10498","product","type-product","status-publish","has-post-thumbnail","hentry","product_cat-kambaleca"],"_links":{"self":[{"href":"https:\/\/hidrosistem.al\/new\/wp-json\/wp\/v2\/product\/10498","targetHints":{"allow":["GET"]}}],"collection":[{"href":"https:\/\/hidrosistem.al\/new\/wp-json\/wp\/v2\/product"}],"about":[{"href":"https:\/\/hidrosistem.al\/new\/wp-json\/wp\/v2\/types\/product"}],"version-history":[{"count":2,"href":"https:\/\/hidrosistem.al\/new\/wp-json\/wp\/v2\/product\/10498\/revisions"}],"predecessor-version":[{"id":10502,"href":"https:\/\/hidrosistem.al\/new\/wp-json\/wp\/v2\/product\/10498\/revisions\/10502"}],"wp:featuredmedia":[{"embeddable":true,"href":"https:\/\/hidrosistem.al\/new\/wp-json\/wp\/v2\/media\/10499"}],"wp:attachment":[{"href":"https:\/\/hidrosistem.al\/new\/wp-json\/wp\/v2\/media?parent=10498"}],"wp:term":[{"taxonomy":"product_cat","embeddable":true,"href":"https:\/\/hidrosistem.al\/new\/wp-json\/wp\/v2\/product_cat?post=10498"},{"taxonomy":"product_tag","embeddable":true,"href":"https:\/\/hidrosistem.al\/new\/wp-json\/wp\/v2\/product_tag?post=10498"}],"curies":[{"name":"wp","href":"https:\/\/api.w.org\/{rel}","templated":true}]}}