{"id":10461,"date":"2023-11-21T11:41:20","date_gmt":"2023-11-21T11:41:20","guid":{"rendered":"https:\/\/hidrosistem.al\/new\/?post_type=product&#038;p=10461"},"modified":"2023-11-21T11:52:48","modified_gmt":"2023-11-21T11:52:48","slug":"pasqyre-paneli-diellor-modeli-navievo","status":"publish","type":"product","link":"https:\/\/hidrosistem.al\/new\/product\/pasqyre-paneli-diellor-modeli-navievo\/","title":{"rendered":"Pasqyre Paneli Diellor &#8211; Modeli Navi+Evo"},"content":{"rendered":"<p>Linja e automatizuar e montimit robotik, \u00ebsht\u00eb projektuar me inxhinieri t\u00eb avancuar unibody, kombinon efikasitetin e lart\u00eb me q\u00ebndrueshm\u00ebrin\u00eb dhe vulosjen perfekte.<\/p>\n<p>Mund t\u00eb instalohet horizontalisht ose vertikalisht, ofron mbrojtje t\u00eb lart\u00eb ndaj korrozionit dhe garanton 10 vjet.<br \/>\nProcesi i prodhimit t\u00eb seris\u00eb Navi \u00ebsht\u00eb miq\u00ebsor me mjedisin, sepse nuk l\u00ebshon substanca t\u00eb d\u00ebmshme.<\/p>\n<ul>\n<li>Dizajni i ri i tabakas\u00eb me inxhinieri t\u00eb avancuar, q\u00eb siguron efikasitet t\u00eb lart\u00eb, i kombinuar me q\u00ebndrueshm\u00ebri t\u00eb lart\u00eb<\/li>\n<li>Linja e prodhimit t\u00eb automatizuar nga robot\u00ebt siguron nivelin m\u00eb t\u00eb lart\u00eb t\u00eb sakt\u00ebsis\u00eb dhe vulosjes<\/li>\n<li>Funksionim afatgjat\u00eb p\u00ebr shkak t\u00eb p\u00ebrdorimit t\u00eb materialeve me cil\u00ebsi t\u00eb lart\u00eb<\/li>\n<li>Xhami i siguris\u00eb diellore i kalitur me dizajn t\u00eb korniz\u00ebs s\u00eb zez\u00eb, duke siguruar estetik\u00eb t\u00eb lart\u00eb<\/li>\n<li>I leht\u00eb p\u00ebr transport dhe instalim t\u00eb leht\u00eb<\/li>\n<li>Koha e shpejt\u00eb e instalimit p\u00ebr montim horizontal ose vertikal<\/li>\n<\/ul>\n","protected":false},"excerpt":{"rendered":"<p>Linja e automatizuar e montimit robotik, \u00ebsht\u00eb projektuar me inxhinieri t\u00eb avancuar unibody, kombinon efikasitetin e lart\u00eb me q\u00ebndrueshm\u00ebrin\u00eb dhe<\/p>\n","protected":false},"featured_media":10463,"template":"","meta":[],"product_cat":[495],"product_tag":[],"class_list":["post-10461","product","type-product","status-publish","has-post-thumbnail","hentry","product_cat-pasqyra"],"_links":{"self":[{"href":"https:\/\/hidrosistem.al\/new\/wp-json\/wp\/v2\/product\/10461","targetHints":{"allow":["GET"]}}],"collection":[{"href":"https:\/\/hidrosistem.al\/new\/wp-json\/wp\/v2\/product"}],"about":[{"href":"https:\/\/hidrosistem.al\/new\/wp-json\/wp\/v2\/types\/product"}],"version-history":[{"count":1,"href":"https:\/\/hidrosistem.al\/new\/wp-json\/wp\/v2\/product\/10461\/revisions"}],"predecessor-version":[{"id":10464,"href":"https:\/\/hidrosistem.al\/new\/wp-json\/wp\/v2\/product\/10461\/revisions\/10464"}],"wp:featuredmedia":[{"embeddable":true,"href":"https:\/\/hidrosistem.al\/new\/wp-json\/wp\/v2\/media\/10463"}],"wp:attachment":[{"href":"https:\/\/hidrosistem.al\/new\/wp-json\/wp\/v2\/media?parent=10461"}],"wp:term":[{"taxonomy":"product_cat","embeddable":true,"href":"https:\/\/hidrosistem.al\/new\/wp-json\/wp\/v2\/product_cat?post=10461"},{"taxonomy":"product_tag","embeddable":true,"href":"https:\/\/hidrosistem.al\/new\/wp-json\/wp\/v2\/product_tag?post=10461"}],"curies":[{"name":"wp","href":"https:\/\/api.w.org\/{rel}","templated":true}]}}