{"id":10410,"date":"2023-11-21T10:15:38","date_gmt":"2023-11-21T10:15:38","guid":{"rendered":"https:\/\/hidrosistem.al\/new\/?post_type=product&#038;p=10410"},"modified":"2023-11-21T10:26:54","modified_gmt":"2023-11-21T10:26:54","slug":"bolier-metalizato-120l","status":"publish","type":"product","link":"https:\/\/hidrosistem.al\/new\/product\/bolier-metalizato-120l\/","title":{"rendered":"Bolier Metalizato Hidrotherm 120L"},"content":{"rendered":"<ul>\n<li><strong>Perberja e jashtme e Bolierit<\/strong> eshte celik me lyerje ne ngjyren Ral, pa saldime per arsye mosndryshkje, me qellim perdorimi edhe ne zonat bregdetare.<\/li>\n<li><strong>Bolieri<\/strong> \u00ebsht\u00eb i p\u00ebrgatitur me llamarin\u00eb t\u00eb ve\u00e7ant\u00eb DCP 3 mm ,e p\u00ebrpunimit t\u00eb thelle DC04 , me p\u00ebrb\u00ebrje t\u00eb ul\u00ebt karboni , e p\u00ebrshtatshme p\u00ebr zmalto .<\/li>\n<li><strong>Saldimet<\/strong> kryhen nga pajisje robotike automatike me elektroda teli t\u00eb ve\u00e7anta t\u00eb nj\u00eb cil\u00ebsie m\u00eb t\u00eb lart\u00eb.&#8221;<\/li>\n<li><strong>Ushqimi<\/strong> kryhet nga tubacione robotike te tipit te rende per rezistence dhe jetegjatesi me te madhe<\/li>\n<li><strong>Kazani<\/strong> i brendsh\u00ebm p\u00ebr ruajtjet kundra krip\u00ebrave , lyhet me zmalto t\u00eb l\u00ebng\u00ebt dhe piqet direkt n\u00eb 840 \u00b0 C , me anode 22X400 .<\/li>\n<li><strong>Rezistenca<\/strong> \u00ebsht\u00eb t\u00ebr\u00ebsisht prej inoksi a e pa ndryshkshme dhe jo prej bakri , pe arsye saldimi .<\/li>\n<li><strong>Izolomi i kazanit<\/strong> b\u00ebhet me polirethan\u00eb 6 mm dhe me trysni p\u00ebr t\u00eb siguruar kushtin 60 kg \/ m\u00b3<\/li>\n<\/ul>\n","protected":false},"excerpt":{"rendered":"<p>Perberja e jashtme e Bolierit eshte celik me lyerje ne ngjyren Ral, pa saldime per arsye mosndryshkje, me qellim perdorimi<\/p>\n","protected":false},"featured_media":10411,"template":"","meta":[],"product_cat":[504],"product_tag":[],"class_list":["post-10410","product","type-product","status-publish","has-post-thumbnail","hentry","product_cat-bolier-panele-diellore-2"],"_links":{"self":[{"href":"https:\/\/hidrosistem.al\/new\/wp-json\/wp\/v2\/product\/10410","targetHints":{"allow":["GET"]}}],"collection":[{"href":"https:\/\/hidrosistem.al\/new\/wp-json\/wp\/v2\/product"}],"about":[{"href":"https:\/\/hidrosistem.al\/new\/wp-json\/wp\/v2\/types\/product"}],"version-history":[{"count":4,"href":"https:\/\/hidrosistem.al\/new\/wp-json\/wp\/v2\/product\/10410\/revisions"}],"predecessor-version":[{"id":10428,"href":"https:\/\/hidrosistem.al\/new\/wp-json\/wp\/v2\/product\/10410\/revisions\/10428"}],"wp:featuredmedia":[{"embeddable":true,"href":"https:\/\/hidrosistem.al\/new\/wp-json\/wp\/v2\/media\/10411"}],"wp:attachment":[{"href":"https:\/\/hidrosistem.al\/new\/wp-json\/wp\/v2\/media?parent=10410"}],"wp:term":[{"taxonomy":"product_cat","embeddable":true,"href":"https:\/\/hidrosistem.al\/new\/wp-json\/wp\/v2\/product_cat?post=10410"},{"taxonomy":"product_tag","embeddable":true,"href":"https:\/\/hidrosistem.al\/new\/wp-json\/wp\/v2\/product_tag?post=10410"}],"curies":[{"name":"wp","href":"https:\/\/api.w.org\/{rel}","templated":true}]}}