{"id":281,"date":"2022-05-23T11:10:53","date_gmt":"2022-05-23T11:10:53","guid":{"rendered":"http:\/\/dummy.xtemos.com\/woodmart2\/megamarket-elementor\/?page_id=281"},"modified":"2025-10-06T06:38:01","modified_gmt":"2025-10-06T06:38:01","slug":"rreth-hidrosistem","status":"publish","type":"page","link":"https:\/\/hidrosistem.al\/new\/rreth-hidrosistem\/","title":{"rendered":"Rreth Nesh"},"content":{"rendered":"\t\t<div data-elementor-type=\"wp-page\" data-elementor-id=\"281\" class=\"elementor elementor-281\">\n\t\t\t\t\t\t\t\t\t<section class=\"wd-negative-gap elementor-section elementor-top-section elementor-element elementor-element-92e1335 elementor-section-boxed elementor-section-height-default elementor-section-height-default wd-section-disabled\" data-id=\"92e1335\" data-element_type=\"section\">\n\t\t\t\t\t\t<div class=\"elementor-container elementor-column-gap-default\">\n\t\t\t\t\t<div class=\"elementor-column elementor-col-100 elementor-top-column elementor-element elementor-element-3754451\" data-id=\"3754451\" data-element_type=\"column\">\n\t\t\t<div class=\"elementor-widget-wrap elementor-element-populated\">\n\t\t\t\t\t\t\t\t<div class=\"elementor-element elementor-element-f6a76ea elementor-widget elementor-widget-wd_title\" data-id=\"f6a76ea\" data-element_type=\"widget\" data-widget_type=\"wd_title.default\">\n\t\t\t\t<div class=\"elementor-widget-container\">\n\t\t\t\t\t<div class=\"title-wrapper set-mb-s reset-last-child wd-title-color-default wd-title-style-default wd-title-size-large text-left\">\n\n\t\t\t\n\t\t\t<div class=\"liner-continer\">\n\t\t\t\t<h4 class=\"woodmart-title-container title wd-fontsize-xxl\">Rreth Hidrosistem<\/h4> \n\t\t\t\t\t\t\t<\/div>\n\n\t\t\t\t\t<\/div>\n\t\t\t\t<\/div>\n\t\t\t\t<\/div>\n\t\t\t\t<section class=\"wd-negative-gap elementor-section elementor-inner-section elementor-element elementor-element-9a10dcc elementor-section-boxed elementor-section-height-default elementor-section-height-default wd-section-disabled\" data-id=\"9a10dcc\" data-element_type=\"section\">\n\t\t\t\t\t\t<div class=\"elementor-container elementor-column-gap-default\">\n\t\t\t\t\t<div class=\"elementor-column elementor-col-100 elementor-inner-column elementor-element elementor-element-1f667ef\" data-id=\"1f667ef\" data-element_type=\"column\">\n\t\t\t<div class=\"elementor-widget-wrap elementor-element-populated\">\n\t\t\t\t\t\t\t\t<div class=\"elementor-element elementor-element-494b68a elementor-widget elementor-widget-wd_title\" data-id=\"494b68a\" data-element_type=\"widget\" data-widget_type=\"wd_title.default\">\n\t\t\t\t<div class=\"elementor-widget-container\">\n\t\t\t\t\t<div class=\"title-wrapper set-mb-s reset-last-child wd-title-color-default wd-title-style-default wd-title-size-medium text-left\">\n\n\t\t\t\n\t\t\t<div class=\"liner-continer\">\n\t\t\t\t<h4 class=\"woodmart-title-container title wd-fontsize-xl\">Q\u00eb prej vitit 2005, Hidrosistem \u00ebsht\u00eb partneri juaj i besuesh\u00ebm p\u00ebr panele diellore, kondicioner\u00eb,  <span style=\"font-family: Mulish, Arial, Helvetica, sans-serif;font-size: 26px;font-style: normal;font-weight: 700\">sisteme hidraulike <\/span>dhe produkte hidrosanitare. <\/h4> \n\t\t\t\t\t\t\t<\/div>\n\n\t\t\t\t\t<\/div>\n\t\t\t\t<\/div>\n\t\t\t\t<\/div>\n\t\t\t\t<div class=\"elementor-element elementor-element-1f87fa0 elementor-widget elementor-widget-wd_text_block\" data-id=\"1f87fa0\" data-element_type=\"widget\" data-widget_type=\"wd_text_block.default\">\n\t\t\t\t<div class=\"elementor-widget-container\">\n\t\t\t\t\t<div class=\"wd-text-block reset-last-child text-left\">\n\t\t\t\n\t\t\t<p data-start=\"244\" data-end=\"520\"><strong data-start=\"244\" data-end=\"259\">Hidrosistem<\/strong> \u00ebsht\u00eb nj\u00eb nga kompanit\u00eb lider n\u00eb Shqip\u00ebri n\u00eb fush\u00ebn e sistemeve hidrike, klimatizimit dhe energjis\u00eb. Me mbi 20 vite eksperienc\u00eb, ne ofrojm\u00eb <strong data-start=\"515\" data-end=\"571\">produkte t\u00eb \u00e7ertifikuara dhe teknologji t\u00eb avancuara<\/strong>, q\u00eb ju garantojn\u00eb <strong data-start=\"590\" data-end=\"630\">performanc\u00eb t\u00eb lart\u00eb dhe jet\u00ebgjat\u00ebsi<\/strong>. <span style=\"font-size: 16px;\">Misioni yn\u00eb \u00ebsht\u00eb i qart\u00eb: t\u00eb ofrojm\u00eb <\/span><strong style=\"font-size: 16px;\" data-start=\"560\" data-end=\"616\">cil\u00ebsi, profesionaliz\u00ebm dhe sh\u00ebrbim t\u00eb personalizuar<\/strong><span style=\"font-size: 16px;\"> n\u00eb \u00e7do projekt \u2013 nga instalimet m\u00eb t\u00eb vogla familjare, deri tek projektet e m\u00ebdha industriale.<\/span><\/p>\n\t\t\t\t\t<\/div>\n\t\t\t\t<\/div>\n\t\t\t\t<\/div>\n\t\t\t\t<div class=\"elementor-element elementor-element-2c496e5 elementor-widget elementor-widget-heading\" data-id=\"2c496e5\" data-element_type=\"widget\" data-widget_type=\"heading.default\">\n\t\t\t\t<div class=\"elementor-widget-container\">\n\t\t\t<style>\/*! elementor - v3.15.0 - 20-08-2023 *\/\n.elementor-heading-title{padding:0;margin:0;line-height:1}.elementor-widget-heading .elementor-heading-title[class*=elementor-size-]>a{color:inherit;font-size:inherit;line-height:inherit}.elementor-widget-heading .elementor-heading-title.elementor-size-small{font-size:15px}.elementor-widget-heading .elementor-heading-title.elementor-size-medium{font-size:19px}.elementor-widget-heading .elementor-heading-title.elementor-size-large{font-size:29px}.elementor-widget-heading .elementor-heading-title.elementor-size-xl{font-size:39px}.elementor-widget-heading .elementor-heading-title.elementor-size-xxl{font-size:59px}<\/style><h2 class=\"elementor-heading-title elementor-size-default\">Misioni yn\u00eb<\/h2>\t\t<\/div>\n\t\t\t\t<\/div>\n\t\t\t\t\t<\/div>\n\t\t<\/div>\n\t\t\t\t\t\t\t<\/div>\n\t\t<\/section>\n\t\t\t\t<div class=\"elementor-element elementor-element-9108cd8 color-scheme-inherit text-left elementor-widget elementor-widget-text-editor\" data-id=\"9108cd8\" data-element_type=\"widget\" data-widget_type=\"text-editor.default\">\n\t\t\t\t<div class=\"elementor-widget-container\">\n\t\t\t<style>\/*! elementor - v3.15.0 - 20-08-2023 *\/\n.elementor-widget-text-editor.elementor-drop-cap-view-stacked .elementor-drop-cap{background-color:#69727d;color:#fff}.elementor-widget-text-editor.elementor-drop-cap-view-framed .elementor-drop-cap{color:#69727d;border:3px solid;background-color:transparent}.elementor-widget-text-editor:not(.elementor-drop-cap-view-default) .elementor-drop-cap{margin-top:8px}.elementor-widget-text-editor:not(.elementor-drop-cap-view-default) .elementor-drop-cap-letter{width:1em;height:1em}.elementor-widget-text-editor .elementor-drop-cap{float:left;text-align:center;line-height:1;font-size:50px}.elementor-widget-text-editor .elementor-drop-cap-letter{display:inline-block}<\/style>\t\t\t\t<p>Ne duam q\u00eb \u00e7do sht\u00ebpi dhe biznes t\u00eb ket\u00eb <strong data-start=\"694\" data-end=\"740\">komfort maksimal dhe efikasitet energjetik<\/strong>. Prandaj, zgjidhjet tona jan\u00eb <strong data-start=\"771\" data-end=\"832\">praktike, t\u00eb q\u00ebndrueshme dhe t\u00eb thjeshta p\u00ebr t\u2019u p\u00ebrdorur<\/strong>.\u00a0<span style=\"font-size: 16px;\">Ne nuk ofrojm\u00eb vet\u00ebm produkte; ne krijojm\u00eb <\/span><strong style=\"font-size: 16px;\" data-start=\"1233\" data-end=\"1294\">ambient t\u00eb rehatsh\u00ebm, t\u00eb sigurt dhe energjetikisht efikas<\/strong><span style=\"font-size: 16px;\">, q\u00eb p\u00ebrmir\u00ebson cil\u00ebsin\u00eb e jet\u00ebs tuaj.<\/span><\/p>\t\t\t\t\t\t<\/div>\n\t\t\t\t<\/div>\n\t\t\t\t\t<\/div>\n\t\t<\/div>\n\t\t\t\t\t\t\t<\/div>\n\t\t<\/section>\n\t\t\t\t<section class=\"wd-negative-gap elementor-section elementor-top-section elementor-element elementor-element-39c0412e elementor-section-content-middle elementor-section-boxed elementor-section-height-default elementor-section-height-default wd-section-disabled\" data-id=\"39c0412e\" data-element_type=\"section\" data-settings=\"{&quot;background_background&quot;:&quot;classic&quot;}\">\n\t\t\t\t\t\t\t<div class=\"elementor-background-overlay\"><\/div>\n\t\t\t\t\t\t\t<div class=\"elementor-container elementor-column-gap-no\">\n\t\t\t\t\t<div class=\"elementor-column elementor-col-50 elementor-top-column elementor-element elementor-element-5c410f36\" data-id=\"5c410f36\" data-element_type=\"column\">\n\t\t\t<div class=\"elementor-widget-wrap elementor-element-populated\">\n\t\t\t\t\t\t\t\t<div class=\"elementor-element elementor-element-1a770181 elementor-widget elementor-widget-image\" data-id=\"1a770181\" data-element_type=\"widget\" data-widget_type=\"image.default\">\n\t\t\t\t<div class=\"elementor-widget-container\">\n\t\t\t<style>\/*! elementor - v3.15.0 - 20-08-2023 *\/\n.elementor-widget-image{text-align:center}.elementor-widget-image a{display:inline-block}.elementor-widget-image a img[src$=\".svg\"]{width:48px}.elementor-widget-image img{vertical-align:middle;display:inline-block}<\/style>\t\t\t\t\t\t\t\t\t\t\t\t<img loading=\"lazy\" decoding=\"async\" width=\"1600\" height=\"902\" src=\"https:\/\/hidrosistem.al\/new\/wp-content\/uploads\/2025\/09\/WhatsApp-Image-2025-09-08-at-16.02.16-3.jpeg\" class=\"attachment-full size-full wp-image-11015\" alt=\"\" srcset=\"https:\/\/hidrosistem.al\/new\/wp-content\/uploads\/2025\/09\/WhatsApp-Image-2025-09-08-at-16.02.16-3.jpeg 1600w, https:\/\/hidrosistem.al\/new\/wp-content\/uploads\/2025\/09\/WhatsApp-Image-2025-09-08-at-16.02.16-3-300x169.jpeg 300w, https:\/\/hidrosistem.al\/new\/wp-content\/uploads\/2025\/09\/WhatsApp-Image-2025-09-08-at-16.02.16-3-1024x577.jpeg 1024w, https:\/\/hidrosistem.al\/new\/wp-content\/uploads\/2025\/09\/WhatsApp-Image-2025-09-08-at-16.02.16-3-768x433.jpeg 768w, https:\/\/hidrosistem.al\/new\/wp-content\/uploads\/2025\/09\/WhatsApp-Image-2025-09-08-at-16.02.16-3-1536x866.jpeg 1536w, https:\/\/hidrosistem.al\/new\/wp-content\/uploads\/2025\/09\/WhatsApp-Image-2025-09-08-at-16.02.16-3-200x113.jpeg 200w, https:\/\/hidrosistem.al\/new\/wp-content\/uploads\/2025\/09\/WhatsApp-Image-2025-09-08-at-16.02.16-3-1200x677.jpeg 1200w, https:\/\/hidrosistem.al\/new\/wp-content\/uploads\/2025\/09\/WhatsApp-Image-2025-09-08-at-16.02.16-3-150x85.jpeg 150w\" sizes=\"auto, (max-width: 1600px) 100vw, 1600px\" \/>\t\t\t\t\t\t\t\t\t\t\t\t\t\t\t<\/div>\n\t\t\t\t<\/div>\n\t\t\t\t\t<\/div>\n\t\t<\/div>\n\t\t\t\t<div class=\"elementor-column elementor-col-50 elementor-top-column elementor-element elementor-element-877e6fa\" data-id=\"877e6fa\" data-element_type=\"column\">\n\t\t\t<div class=\"elementor-widget-wrap elementor-element-populated\">\n\t\t\t\t\t\t\t\t<div class=\"elementor-element elementor-element-28ee7b0 elementor-widget elementor-widget-heading\" data-id=\"28ee7b0\" data-element_type=\"widget\" data-widget_type=\"heading.default\">\n\t\t\t\t<div class=\"elementor-widget-container\">\n\t\t\t<h4 class=\"elementor-heading-title elementor-size-default\">\u00c7far\u00eb ofrojm\u00eb:<\/h4>\t\t<\/div>\n\t\t\t\t<\/div>\n\t\t\t\t<div class=\"elementor-element elementor-element-3cf18142 color-scheme-inherit text-left elementor-widget elementor-widget-text-editor\" data-id=\"3cf18142\" data-element_type=\"widget\" data-widget_type=\"text-editor.default\">\n\t\t\t\t<div class=\"elementor-widget-container\">\n\t\t\t\t\t\t\t<ul><li data-start=\"244\" data-end=\"520\">Sisteme klimatizimi dhe kondicionimi moderne<\/li><li data-start=\"244\" data-end=\"520\">Panele dhe pajisje hidrike t\u00eb teknologjis\u00eb s\u00eb fundit<\/li><li data-start=\"244\" data-end=\"520\">Zgjidhje t\u00eb integruara p\u00ebr sht\u00ebpi, zyra dhe biznese<\/li><li data-start=\"244\" data-end=\"520\">Konsulenc\u00eb profesionale dhe asistenc\u00eb teknike pas instalimit<\/li><\/ul>\t\t\t\t\t\t<\/div>\n\t\t\t\t<\/div>\n\t\t\t\t\t<\/div>\n\t\t<\/div>\n\t\t\t\t\t\t\t<\/div>\n\t\t<\/section>\n\t\t\t\t<section class=\"wd-negative-gap elementor-section elementor-top-section elementor-element elementor-element-4debfd1 elementor-section-boxed elementor-section-height-default elementor-section-height-default wd-section-disabled\" data-id=\"4debfd1\" data-element_type=\"section\">\n\t\t\t\t\t\t<div class=\"elementor-container elementor-column-gap-default\">\n\t\t\t\t\t<div class=\"elementor-column elementor-col-100 elementor-top-column elementor-element elementor-element-4bc69e5\" data-id=\"4bc69e5\" data-element_type=\"column\">\n\t\t\t<div class=\"elementor-widget-wrap elementor-element-populated\">\n\t\t\t\t\t\t\t\t<div class=\"elementor-element elementor-element-3e11224 elementor-widget elementor-widget-heading\" data-id=\"3e11224\" data-element_type=\"widget\" data-widget_type=\"heading.default\">\n\t\t\t\t<div class=\"elementor-widget-container\">\n\t\t\t<h2 class=\"elementor-heading-title elementor-size-default\">Pse t\u00eb zgjedh\u00ebsh Hidrosistem?<\/h2>\t\t<\/div>\n\t\t\t\t<\/div>\n\t\t\t\t<div class=\"elementor-element elementor-element-eabbf56 elementor-widget elementor-widget-wd_text_block\" data-id=\"eabbf56\" data-element_type=\"widget\" data-widget_type=\"wd_text_block.default\">\n\t\t\t\t<div class=\"elementor-widget-container\">\n\t\t\t\t\t<div class=\"wd-text-block reset-last-child text-left\">\n\t\t\t\n\t\t\t<ul><li><strong data-start=\"1010\" data-end=\"1039\">Eksperienc\u00eb &amp; Besueshm\u00ebri<\/strong> \u2013 vite pune dhe qindra projekte t\u00eb realizuara me sukses<\/li><li><strong data-start=\"1101\" data-end=\"1125\">Partneritete Zyrtare<\/strong> \u2013 punojm\u00eb me markat m\u00eb t\u00eb njohura nd\u00ebrkomb\u00ebtare n\u00eb fush\u00ebn e kondicionimit dhe paneleve<\/li><li><strong data-start=\"1218\" data-end=\"1240\">Cil\u00ebsi e Garantuar<\/strong> \u2013 pajisje t\u00eb \u00e7ertifikuara dhe zgjidhje q\u00eb zgjasin<\/li><li><strong data-start=\"1296\" data-end=\"1323\">Sh\u00ebrbim i Personalizuar<\/strong> \u2013 nga ideja deri tek zbatimi, jemi gjithmon\u00eb pran\u00eb klientit<\/li><\/ul>\n\t\t\t\t\t<\/div>\n\t\t\t\t<\/div>\n\t\t\t\t<\/div>\n\t\t\t\t\t<\/div>\n\t\t<\/div>\n\t\t\t\t\t\t\t<\/div>\n\t\t<\/section>\n\t\t\t\t<section class=\"wd-negative-gap elementor-section elementor-top-section elementor-element elementor-element-33a39f2 elementor-section-boxed elementor-section-height-default elementor-section-height-default wd-section-disabled\" data-id=\"33a39f2\" data-element_type=\"section\">\n\t\t\t\t\t\t<div class=\"elementor-container elementor-column-gap-default\">\n\t\t\t\t\t<div class=\"elementor-column elementor-col-100 elementor-top-column elementor-element elementor-element-be297bf\" data-id=\"be297bf\" data-element_type=\"column\">\n\t\t\t<div class=\"elementor-widget-wrap elementor-element-populated\">\n\t\t\t\t\t\t\t\t<div class=\"elementor-element elementor-element-2c845bd elementor-widget elementor-widget-spacer\" data-id=\"2c845bd\" data-element_type=\"widget\" data-widget_type=\"spacer.default\">\n\t\t\t\t<div class=\"elementor-widget-container\">\n\t\t\t<style>\/*! elementor - v3.15.0 - 20-08-2023 *\/\n.elementor-column .elementor-spacer-inner{height:var(--spacer-size)}.e-con{--container-widget-width:100%}.e-con-inner>.elementor-widget-spacer,.e-con>.elementor-widget-spacer{width:var(--container-widget-width,var(--spacer-size));--align-self:var(--container-widget-align-self,initial);--flex-shrink:0}.e-con-inner>.elementor-widget-spacer>.elementor-widget-container,.e-con-inner>.elementor-widget-spacer>.elementor-widget-container>.elementor-spacer,.e-con>.elementor-widget-spacer>.elementor-widget-container,.e-con>.elementor-widget-spacer>.elementor-widget-container>.elementor-spacer{height:100%}.e-con-inner>.elementor-widget-spacer>.elementor-widget-container>.elementor-spacer>.elementor-spacer-inner,.e-con>.elementor-widget-spacer>.elementor-widget-container>.elementor-spacer>.elementor-spacer-inner{height:var(--container-widget-height,var(--spacer-size))}<\/style>\t\t<div class=\"elementor-spacer\">\n\t\t\t<div class=\"elementor-spacer-inner\"><\/div>\n\t\t<\/div>\n\t\t\t\t<\/div>\n\t\t\t\t<\/div>\n\t\t\t\t\t<\/div>\n\t\t<\/div>\n\t\t\t\t\t\t\t<\/div>\n\t\t<\/section>\n\t\t\t\t<section class=\"wd-negative-gap elementor-section elementor-top-section elementor-element elementor-element-5b7c129 elementor-section-boxed elementor-section-height-default elementor-section-height-default wd-section-disabled\" data-id=\"5b7c129\" data-element_type=\"section\">\n\t\t\t\t\t\t<div class=\"elementor-container elementor-column-gap-default\">\n\t\t\t\t\t<div class=\"elementor-column elementor-col-100 elementor-top-column elementor-element elementor-element-2c5bfb8\" data-id=\"2c5bfb8\" data-element_type=\"column\">\n\t\t\t<div class=\"elementor-widget-wrap elementor-element-populated\">\n\t\t\t\t\t\t\t\t<div class=\"elementor-element elementor-element-043375a elementor-widget elementor-widget-timeline-widget-addon\" data-id=\"043375a\" data-element_type=\"widget\" data-widget_type=\"timeline-widget-addon.default\">\n\t\t\t\t<div class=\"elementor-widget-container\">\n\t\t\t<!-- ========= Timeline Widget Addon For Elementor 1.5.3 ========= -->\r\n<div id=\"twae-wrapper-043375a\" class=\"twae-vertical twae-wrapper  twae-both-sided \">   \r\n    <div class=\"twae-start\"><\/div>    \r\n    <div id=\"twea-timeline-043375a\" class=\"twae-timeline\" ><div id=\"story-ce80b55\" class=\"twae-story twae-repeater-item twae-story-right twae-story-icon\">\r\n                <div class=\"twae-labels\" ><div class=\"twae-label-big\">2005<\/div><div class=\"twae-label-small\">Fillimi<\/div><\/div><div class=\"twae-icon\"><i aria-hidden=\"true\" class=\"far fa-clock\"><\/i><\/div><div class=\"twae-arrow\"><\/div><div class=\"twae-content\"><div class=\"twae-title\">Hapet dyqani i par\u00eb n\u00eb Fier<\/div><div class=\"twae-description\"><p>Ne 2005 hapet Dyqani i par\u00eb n\u00eb Fier , nga 2 krijuesit vizionar\u00eb Altin Cakaj dhe Viron Ferko. Nisi \u00e7do gj\u00eb me panelet diellore dhe pak nga pak u integruan dhe shum\u00eb nga inovacionet e patentuara q\u00eb kan\u00eb b\u00ebr\u00eb histori n\u00eb sistemet hidraulike, n\u00eb produktet hidrosanitare si dhe n\u00eb ajrin e kondicionuar t\u00eb banesave.<\/p><\/div>\r\n                <\/div>\r\n        <\/div><div id=\"story-40ab811\" class=\"twae-story twae-repeater-item twae-story-left twae-story-icon\">\r\n                <div class=\"twae-labels\" ><div class=\"twae-label-big\">2009<\/div><\/div><div class=\"twae-icon\"><i aria-hidden=\"true\" class=\"far fa-clock\"><\/i><\/div><div class=\"twae-arrow\"><\/div><div class=\"twae-content\"><div class=\"twae-title\">Hapet magazina e par\u00eb Hidrosistem<\/div><div class=\"twae-description\"><p>Ne vitin 2009 n\u00eb Fier hapet magazina e par\u00eb.<br \/>Hidrosistem vendos t\u00eb investoj\u00eb n\u00eb krijimin e rrjetit t\u00eb saj<br \/>tregtar duke mbuluar k\u00ebshtu gjith\u00eb Shqip\u00ebrin\u00eb me produktet me cil\u00ebsor\u00eb p\u00ebr \u00e7do familje.<\/p><\/div>\r\n                <\/div>\r\n        <\/div><div id=\"story-889d0a0\" class=\"twae-story twae-repeater-item twae-story-right twae-story-icon\">\r\n                <div class=\"twae-labels\" ><div class=\"twae-label-big\">2013<\/div><\/div><div class=\"twae-icon\"><i aria-hidden=\"true\" class=\"far fa-clock\"><\/i><\/div><div class=\"twae-arrow\"><\/div><div class=\"twae-content\"><div class=\"twae-title\">Hapet dyqani n\u00eb Tiran\u00eb<\/div><div class=\"twae-description\"><p>Ne fillim te 2013 hapet dyqani i par\u00eb n\u00eb Tiran. Nj\u00eb shteg rritjeje q\u00eb shfryt\u00ebzon gjenerimin e vazhduesh\u00ebm t\u00eb ideve dhe projekteve t\u00eb reja<\/p><\/div>\r\n                <\/div>\r\n        <\/div><div id=\"story-24c05c4\" class=\"twae-story twae-repeater-item twae-story-left twae-story-icon\">\r\n                <div class=\"twae-labels\" ><div class=\"twae-label-big\">2019<\/div><\/div><div class=\"twae-icon\"><i aria-hidden=\"true\" class=\"far fa-clock\"><\/i><\/div><div class=\"twae-arrow\"><\/div><div class=\"twae-content\"><div class=\"twae-title\">Partneriteti me Daikin<\/div><div class=\"twae-description\"><p>Nj\u00eb tregues tjet\u00ebr i suksesit ishte ne vitin 2019 ku kompania arriti partneritetin me Daikin.<\/p><\/div>\r\n                <\/div>\r\n        <\/div><div id=\"story-aadf0d4\" class=\"twae-story twae-repeater-item twae-story-right twae-story-icon\">\r\n                <div class=\"twae-labels\" ><div class=\"twae-label-big\">2021<\/div><\/div><div class=\"twae-icon\"><i aria-hidden=\"true\" class=\"far fa-clock\"><\/i><\/div><div class=\"twae-arrow\"><\/div><div class=\"twae-content\"><div class=\"twae-title\">Hapet dyqani i dyt\u00eb n\u00eb Tiran\u00eb<\/div><div class=\"twae-description\"><p>Me kontributin e \u00e7muar t\u00eb dy iniciatoreve dhe grupit t\u00eb pun\u00ebs , merr jet\u00eb nj\u00eb vizion i plot\u00eb i s\u00eb ardhmes me krijimin e dyqanit t\u00eb dyt\u00eb n\u00eb Tiran\u00eb .\u00a0<\/p><\/div>\r\n                <\/div>\r\n        <\/div><div id=\"story-875518b\" class=\"twae-story twae-repeater-item twae-story-left twae-story-icon\">\r\n                <div class=\"twae-labels\" ><div class=\"twae-label-big\">2025<\/div><\/div><div class=\"twae-icon\"><i aria-hidden=\"true\" class=\"far fa-clock\"><\/i><\/div><div class=\"twae-arrow\"><\/div><div class=\"twae-content\"><div class=\"twae-title\">Vazhdojme..<\/div><div class=\"twae-description\"><p>Hidrosistem tashm\u00eb e ka vulosur emrin e tij n\u00eb treg duke arritur t\u00eb fitoj\u00eb besnik\u00ebrin\u00eb e klientit p\u00ebr brandet q\u00eb ofron. Ne gjithmon\u00eb kemi nj\u00eb gj\u00eb n\u00eb mendje: nevojat e klient\u00ebve tan\u00eb.<\/p><\/div>\r\n                <\/div>\r\n        <\/div><\/div>\r\n    <div class=\"twae-end\"><\/div>\r\n    <\/div><style type=\"text\/css\"><\/style>\t\t<\/div>\n\t\t\t\t<\/div>\n\t\t\t\t<div class=\"elementor-element elementor-element-669c457 elementor-widget elementor-widget-spacer\" data-id=\"669c457\" data-element_type=\"widget\" data-widget_type=\"spacer.default\">\n\t\t\t\t<div class=\"elementor-widget-container\">\n\t\t\t\t\t<div class=\"elementor-spacer\">\n\t\t\t<div class=\"elementor-spacer-inner\"><\/div>\n\t\t<\/div>\n\t\t\t\t<\/div>\n\t\t\t\t<\/div>\n\t\t\t\t\t<\/div>\n\t\t<\/div>\n\t\t\t\t\t\t\t<\/div>\n\t\t<\/section>\n\t\t\t\t<section class=\"wd-negative-gap elementor-section elementor-top-section elementor-element elementor-element-d5773a2 elementor-section-boxed elementor-section-height-default elementor-section-height-default wd-section-disabled\" data-id=\"d5773a2\" data-element_type=\"section\">\n\t\t\t\t\t\t<div class=\"elementor-container elementor-column-gap-default\">\n\t\t\t\t\t<div class=\"elementor-column elementor-col-100 elementor-top-column elementor-element elementor-element-4256434\" data-id=\"4256434\" data-element_type=\"column\">\n\t\t\t<div class=\"elementor-widget-wrap elementor-element-populated\">\n\t\t\t\t\t\t\t\t<div class=\"elementor-element elementor-element-aa6330d elementor-widget elementor-widget-heading\" data-id=\"aa6330d\" data-element_type=\"widget\" data-widget_type=\"heading.default\">\n\t\t\t\t<div class=\"elementor-widget-container\">\n\t\t\t<h2 class=\"elementor-heading-title elementor-size-default\"><span style=\"color: rgb(0, 0, 0); font-family: &quot;Work Sans&quot;, Arial, Helvetica, sans-serif; font-size: 30px; font-style: normal; font-variant-ligatures: normal; font-variant-caps: normal; font-weight: 600; text-align: center;\">Vizioni Yn\u00eb<\/span><\/h2>\t\t<\/div>\n\t\t\t\t<\/div>\n\t\t\t\t\t<\/div>\n\t\t<\/div>\n\t\t\t\t\t\t\t<\/div>\n\t\t<\/section>\n\t\t\t\t<section class=\"wd-negative-gap elementor-section elementor-top-section elementor-element elementor-element-dee61ed elementor-section-boxed elementor-section-height-default elementor-section-height-default wd-section-disabled\" data-id=\"dee61ed\" data-element_type=\"section\">\n\t\t\t\t\t\t<div class=\"elementor-container elementor-column-gap-default\">\n\t\t\t\t\t<div class=\"elementor-column elementor-col-100 elementor-top-column elementor-element elementor-element-b91116f\" data-id=\"b91116f\" data-element_type=\"column\">\n\t\t\t<div class=\"elementor-widget-wrap elementor-element-populated\">\n\t\t\t\t\t\t\t\t<div class=\"elementor-element elementor-element-1e3a5c3 elementor-widget elementor-widget-wd_text_block\" data-id=\"1e3a5c3\" data-element_type=\"widget\" data-widget_type=\"wd_text_block.default\">\n\t\t\t\t<div class=\"elementor-widget-container\">\n\t\t\t\t\t<div class=\"wd-text-block reset-last-child text-left\">\n\t\t\t\n\t\t\t<p>Ne besojm\u00eb n\u00eb nj\u00eb t\u00eb ardhme ku teknologjia dhe efikasiteti shkojn\u00eb dor\u00eb p\u00ebr dore me kujdesin p\u00ebr mjedisin. Synimi yn\u00eb \u00ebsht\u00eb t\u00eb sjellim\u00a0<strong data-start=\"1861\" data-end=\"1888\">zgjidhje t\u00eb q\u00ebndrueshme<\/strong>, q\u00eb jo vet\u00ebm rrisin komoditetin, por edhe kontribuojn\u00eb n\u00eb nj\u00eb ambient m\u00eb t\u00eb past\u00ebr dhe m\u00eb t\u00eb gjelb\u00ebr.<\/p>\n\t\t\t\t\t<\/div>\n\t\t\t\t<\/div>\n\t\t\t\t<\/div>\n\t\t\t\t\t<\/div>\n\t\t<\/div>\n\t\t\t\t\t\t\t<\/div>\n\t\t<\/section>\n\t\t\t\t<section class=\"wd-negative-gap elementor-section elementor-top-section elementor-element elementor-element-01d6138 elementor-section-boxed elementor-section-height-default elementor-section-height-default wd-section-disabled\" data-id=\"01d6138\" data-element_type=\"section\">\n\t\t\t\t\t\t<div class=\"elementor-container elementor-column-gap-default\">\n\t\t\t\t\t<div class=\"elementor-column elementor-col-100 elementor-top-column elementor-element elementor-element-3f934f5\" data-id=\"3f934f5\" data-element_type=\"column\">\n\t\t\t<div class=\"elementor-widget-wrap elementor-element-populated\">\n\t\t\t\t\t\t\t\t<div class=\"elementor-element elementor-element-5a0104b elementor-widget elementor-widget-spacer\" data-id=\"5a0104b\" data-element_type=\"widget\" data-widget_type=\"spacer.default\">\n\t\t\t\t<div class=\"elementor-widget-container\">\n\t\t\t\t\t<div class=\"elementor-spacer\">\n\t\t\t<div class=\"elementor-spacer-inner\"><\/div>\n\t\t<\/div>\n\t\t\t\t<\/div>\n\t\t\t\t<\/div>\n\t\t\t\t\t<\/div>\n\t\t<\/div>\n\t\t\t\t\t\t\t<\/div>\n\t\t<\/section>\n\t\t\t\t\t\t\t<\/div>\n\t\t","protected":false},"excerpt":{"rendered":"<p>Rreth Hidrosistem Q\u00eb prej vitit 2005, Hidrosistem \u00ebsht\u00eb partneri juaj i besuesh\u00ebm p\u00ebr panele diellore, kondicioner\u00eb, sisteme hidraulike dhe produkte<\/p>\n","protected":false},"author":1,"featured_media":0,"parent":0,"menu_order":0,"comment_status":"closed","ping_status":"closed","template":"","meta":{"footnotes":""},"class_list":["post-281","page","type-page","status-publish","hentry"],"_links":{"self":[{"href":"https:\/\/hidrosistem.al\/new\/wp-json\/wp\/v2\/pages\/281","targetHints":{"allow":["GET"]}}],"collection":[{"href":"https:\/\/hidrosistem.al\/new\/wp-json\/wp\/v2\/pages"}],"about":[{"href":"https:\/\/hidrosistem.al\/new\/wp-json\/wp\/v2\/types\/page"}],"author":[{"embeddable":true,"href":"https:\/\/hidrosistem.al\/new\/wp-json\/wp\/v2\/users\/1"}],"replies":[{"embeddable":true,"href":"https:\/\/hidrosistem.al\/new\/wp-json\/wp\/v2\/comments?post=281"}],"version-history":[{"count":76,"href":"https:\/\/hidrosistem.al\/new\/wp-json\/wp\/v2\/pages\/281\/revisions"}],"predecessor-version":[{"id":11741,"href":"https:\/\/hidrosistem.al\/new\/wp-json\/wp\/v2\/pages\/281\/revisions\/11741"}],"wp:attachment":[{"href":"https:\/\/hidrosistem.al\/new\/wp-json\/wp\/v2\/media?parent=281"}],"curies":[{"name":"wp","href":"https:\/\/api.w.org\/{rel}","templated":true}]}}